{"id":4014,"date":"2023-04-17T21:51:32","date_gmt":"2023-04-17T21:51:32","guid":{"rendered":"https:\/\/luminoproject.com\/?page_id=4014"},"modified":"2023-05-23T15:56:29","modified_gmt":"2023-05-23T15:56:29","slug":"marcas","status":"publish","type":"page","link":"http:\/\/luminoproject.com\/index.php\/marcas\/","title":{"rendered":"Marcas"},"content":{"rendered":"<p>[et_pb_section fb_built=&#8221;1&#8243; fullwidth=&#8221;on&#8221; _builder_version=&#8221;4.20.2&#8243; _module_preset=&#8221;default&#8221; max_height=&#8221;100vh&#8221; global_colors_info=&#8221;{}&#8221;][et_pb_fullwidth_slider _builder_version=&#8221;4.20.2&#8243; _module_preset=&#8221;default&#8221; max_height=&#8221;1080px&#8221; custom_padding=&#8221;||26px||false|false&#8221; auto=&#8221;on&#8221; auto_speed=&#8221;5000&#8243; global_colors_info=&#8221;{}&#8221;][et_pb_slide heading=&#8221;As melhores solu\u00e7\u00f5es de ilumina\u00e7\u00e3o est\u00e3o aqui!&#8221; _builder_version=&#8221;4.20.2&#8243; _module_preset=&#8221;default&#8221; body_font_size=&#8221;19px&#8221; background_enable_color=&#8221;off&#8221; background_image=&#8221;http:\/\/luminoproject.com\/wp-content\/uploads\/2023\/03\/Luminoproject_wallpp.jpg&#8221; background_enable_image=&#8221;on&#8221; parallax=&#8221;on&#8221; global_colors_info=&#8221;{}&#8221; sticky_transition=&#8221;on&#8221;]<\/p>\n<p>Desde 2006 a trabalhar para estar na vanguarda tecnol\u00f3gica das solu\u00e7\u00f5es de ilumina\u00e7\u00e3o.<\/p>\n<p>[\/et_pb_slide][et_pb_slide heading=&#8221;V-TAC Smart Series&#8221; button_text=&#8221;Saiba mais&#8221; _builder_version=&#8221;4.20.2&#8243; _module_preset=&#8221;default&#8221; background_enable_color=&#8221;off&#8221; background_image=&#8221;http:\/\/luminoproject.com\/wp-content\/uploads\/2023\/03\/mid-res-interior-modern-design-room-3d-illustration-P567CPT.jpg&#8221; background_enable_image=&#8221;on&#8221; global_colors_info=&#8221;{}&#8221; sticky_transition=&#8221;on&#8221;]<\/p>\n<p>A l\u00e2mpada LED Smart WiFi V-TAC funciona com o Amazon Echo, Echo Dot, Amazon Tap e Google Home. Pode usar a Alexa para controlar por voz os seus eletrodom\u00e9sticos com comandos simples. Para usar esta fun\u00e7\u00e3o, s\u00f3 precisa vincular a sua conta V-TAC Smart Home com a Amazon Alexa App. Com algumas etapas, pode dizer \u00e0 Alexa ou ao Google para ligar ou desligar, escurecer ou mudar a cor da sua l\u00e2mpada.<\/p>\n<p>[\/et_pb_slide][\/et_pb_fullwidth_slider][\/et_pb_section][et_pb_section fb_built=&#8221;1&#8243; admin_label=&#8221;About&#8221; _builder_version=&#8221;4.17.4&#8243; _module_preset=&#8221;default&#8221; collapsed=&#8221;off&#8221; global_colors_info=&#8221;{}&#8221;][et_pb_row make_equal=&#8221;on&#8221; _builder_version=&#8221;4.17.4&#8243; _module_preset=&#8221;default&#8221; global_colors_info=&#8221;{}&#8221;][et_pb_column type=&#8221;4_4&#8243; _builder_version=&#8221;4.17.4&#8243; _module_preset=&#8221;default&#8221; custom_padding=&#8221;15%||||false|false&#8221; custom_padding_tablet=&#8221;0%||||false|false&#8221; custom_padding_phone=&#8221;0%||||false|false&#8221; custom_padding_last_edited=&#8221;on|tablet&#8221; global_colors_info=&#8221;{}&#8221;][et_pb_text _builder_version=&#8221;4.20.2&#8243; _module_preset=&#8221;e6504a1b-67eb-4b3d-b023-bcab277610b6&#8243; header_4_font=&#8221;Inter|700||on|||||&#8221; header_4_text_color=&#8221;#dddddd&#8221; header_4_font_size=&#8221;14px&#8221; header_4_letter_spacing=&#8221;1px&#8221; header_4_line_height=&#8221;1.4em&#8221; custom_margin=&#8221;-145px||0px||false|false&#8221; custom_margin_tablet=&#8221;-46px||0px||false|false&#8221; custom_margin_phone=&#8221;-46px||0px||false|false&#8221; custom_margin_last_edited=&#8221;on|tablet&#8221; locked=&#8221;off&#8221; global_colors_info=&#8221;{}&#8221;]<\/p>\n<h4>Luminoproject, Lda<\/h4>\n<p>[\/et_pb_text][et_pb_text _builder_version=&#8221;4.20.2&#8243; _module_preset=&#8221;b327cbe4-b1d5-4b66-ad37-40c8f2f061ba&#8221; header_2_font=&#8221;Inter|700|||||||&#8221; header_2_text_color=&#8221;#000000&#8243; header_2_font_size=&#8221;48px&#8221; header_2_line_height=&#8221;1.2em&#8221; header_2_font_size_tablet=&#8221;32px&#8221; header_2_font_size_phone=&#8221;20px&#8221; header_2_font_size_last_edited=&#8221;on|desktop&#8221; locked=&#8221;off&#8221; global_colors_info=&#8221;{}&#8221;]<\/p>\n<h2>Os nossos parceiros<\/h2>\n<p>[\/et_pb_text][et_pb_text _builder_version=&#8221;4.20.2&#8243; _module_preset=&#8221;default&#8221; locked=&#8221;off&#8221; global_colors_info=&#8221;{}&#8221;]<\/p>\n<p style=\"text-align: justify;\">Os nossos parceiros s\u00e3o conhecidos pela sua qualidade excepcional e designs inovadores. Oferecem uma ampla gama de solu\u00e7\u00f5es de ilumina\u00e7\u00e3o para espa\u00e7os residenciais e comerciais, com o compromisso de fornecer produtos com efici\u00eancia energ\u00e9tica e ambientalmente sustent\u00e1veis.<\/p>\n<p style=\"text-align: justify;\">\n<p style=\"text-align: justify;\">Os produtos s\u00e3o projetados para elevar o ambiente de qualquer espa\u00e7o, garantindo funcionalidade, fiabilidade e sustentabilidade.<\/p>\n<p>[\/et_pb_text][et_pb_divider color=&#8221;rgba(0,0,0,0.17)&#8221; _builder_version=&#8221;4.20.2&#8243; _module_preset=&#8221;default&#8221; custom_margin=&#8221;||-2px|||&#8221; global_colors_info=&#8221;{}&#8221;][\/et_pb_divider][\/et_pb_column][\/et_pb_row][et_pb_row column_structure=&#8221;2_5,3_5&#8243; _builder_version=&#8221;4.20.2&#8243; _module_preset=&#8221;default&#8221; global_colors_info=&#8221;{}&#8221;][et_pb_column type=&#8221;2_5&#8243; _builder_version=&#8221;4.20.2&#8243; _module_preset=&#8221;default&#8221; global_colors_info=&#8221;{}&#8221;][et_pb_image src=&#8221;http:\/\/luminoproject.com\/wp-content\/uploads\/2023\/03\/v-tac-1.png&#8221; title_text=&#8221;v-tac&#8221; _builder_version=&#8221;4.20.2&#8243; _module_preset=&#8221;default&#8221; global_colors_info=&#8221;{}&#8221;][\/et_pb_image][\/et_pb_column][et_pb_column type=&#8221;3_5&#8243; _builder_version=&#8221;4.20.2&#8243; _module_preset=&#8221;default&#8221; global_colors_info=&#8221;{}&#8221;][\/et_pb_column][\/et_pb_row][et_pb_row column_structure=&#8221;1_4,1_4,1_4,1_4&#8243; _builder_version=&#8221;4.20.2&#8243; _module_preset=&#8221;default&#8221; global_colors_info=&#8221;{}&#8221;][et_pb_column type=&#8221;1_4&#8243; _builder_version=&#8221;4.20.2&#8243; _module_preset=&#8221;default&#8221; global_colors_info=&#8221;{}&#8221;][et_pb_blurb title=&#8221;Roadmap 2022&#8243; url=&#8221;https:\/\/v-tac.eu\/images\/catalog\/V-TAC-Road-Map-2022.pdf&#8221; url_new_window=&#8221;on&#8221; image=&#8221;http:\/\/luminoproject.com\/wp-content\/uploads\/2023\/04\/Catalogo_Vtac.jpg&#8221; _builder_version=&#8221;4.20.2&#8243; _module_preset=&#8221;default&#8221; header_text_align=&#8221;center&#8221; global_colors_info=&#8221;{}&#8221;]<\/p>\n<p style=\"text-align: center;\">Cat\u00e1logo V-Tac<\/p>\n<p>[\/et_pb_blurb][\/et_pb_column][et_pb_column type=&#8221;1_4&#8243; _builder_version=&#8221;4.20.2&#8243; _module_preset=&#8221;default&#8221; global_colors_info=&#8221;{}&#8221;][et_pb_blurb title=&#8221;Cat\u00e1logo Geral V-Tac&#8221; url=&#8221;http:\/\/luminoproject.com\/wp-content\/uploads\/2023\/04\/054407_1_5906_VTAC-V-TAC-Catalogue-Interactive-Version-Q2-2022.pdf&#8221; url_new_window=&#8221;on&#8221; image=&#8221;http:\/\/luminoproject.com\/wp-content\/uploads\/2023\/04\/Catalogo-geral-V-tac_2022.jpg&#8221; content_max_width=&#8221;221px&#8221; _builder_version=&#8221;4.20.2&#8243; _module_preset=&#8221;default&#8221; header_text_align=&#8221;center&#8221; link_option_url=&#8221;http:\/\/luminoproject.com\/wp-content\/uploads\/2023\/04\/054407_1_5906_VTAC-V-TAC-Catalogue-Interactive-Version-Q2-2022.pdf&#8221; link_option_url_new_window=&#8221;on&#8221; global_colors_info=&#8221;{}&#8221;]<\/p>\n<p style=\"text-align: center;\">Cat\u00e1logo Geral 2022<\/p>\n<p>[\/et_pb_blurb][\/et_pb_column][et_pb_column type=&#8221;1_4&#8243; _builder_version=&#8221;4.20.2&#8243; _module_preset=&#8221;default&#8221; global_colors_info=&#8221;{}&#8221;][\/et_pb_column][et_pb_column type=&#8221;1_4&#8243; _builder_version=&#8221;4.20.2&#8243; _module_preset=&#8221;default&#8221; global_colors_info=&#8221;{}&#8221;][\/et_pb_column][\/et_pb_row][et_pb_row _builder_version=&#8221;4.20.2&#8243; _module_preset=&#8221;default&#8221; global_colors_info=&#8221;{}&#8221;][et_pb_column type=&#8221;4_4&#8243; _builder_version=&#8221;4.20.2&#8243; _module_preset=&#8221;default&#8221; global_colors_info=&#8221;{}&#8221;][et_pb_divider color=&#8221;rgba(0,0,0,0.15)&#8221; _builder_version=&#8221;4.20.2&#8243; _module_preset=&#8221;default&#8221; global_colors_info=&#8221;{}&#8221;][\/et_pb_divider][\/et_pb_column][\/et_pb_row][et_pb_row column_structure=&#8221;2_5,3_5&#8243; _builder_version=&#8221;4.20.2&#8243; _module_preset=&#8221;default&#8221; custom_padding=&#8221;1px|||||&#8221; global_colors_info=&#8221;{}&#8221;][et_pb_column type=&#8221;2_5&#8243; _builder_version=&#8221;4.20.2&#8243; _module_preset=&#8221;default&#8221; global_colors_info=&#8221;{}&#8221;][et_pb_image src=&#8221;http:\/\/luminoproject.com\/wp-content\/uploads\/2023\/03\/philips.png&#8221; title_text=&#8221;philips&#8221; _builder_version=&#8221;4.20.2&#8243; _module_preset=&#8221;default&#8221; global_colors_info=&#8221;{}&#8221;][\/et_pb_image][\/et_pb_column][et_pb_column type=&#8221;3_5&#8243; _builder_version=&#8221;4.20.2&#8243; _module_preset=&#8221;default&#8221; global_colors_info=&#8221;{}&#8221;][\/et_pb_column][\/et_pb_row][et_pb_row column_structure=&#8221;1_4,1_4,1_4,1_4&#8243; _builder_version=&#8221;4.20.2&#8243; _module_preset=&#8221;default&#8221; global_colors_info=&#8221;{}&#8221;][et_pb_column type=&#8221;1_4&#8243; _builder_version=&#8221;4.20.2&#8243; _module_preset=&#8221;default&#8221; global_colors_info=&#8221;{}&#8221;][et_pb_blurb title=&#8221;Philips Ledinaire&#8221; url=&#8221;http:\/\/luminoproject.com\/wp-content\/uploads\/2023\/04\/philips-ph-ledinaire-brochure-interactive.pdf&#8221; url_new_window=&#8221;on&#8221; image=&#8221;http:\/\/luminoproject.com\/wp-content\/uploads\/2023\/04\/philips-ledinaire.jpg&#8221; _builder_version=&#8221;4.20.2&#8243; _module_preset=&#8221;default&#8221; header_text_align=&#8221;center&#8221; global_colors_info=&#8221;{}&#8221;]<\/p>\n<p style=\"text-align: center;\">Cat\u00e1logo Solu\u00e7\u00f5es Ledinaire<\/p>\n<p>[\/et_pb_blurb][\/et_pb_column][et_pb_column type=&#8221;1_4&#8243; _builder_version=&#8221;4.20.2&#8243; _module_preset=&#8221;default&#8221; global_colors_info=&#8221;{}&#8221;][et_pb_blurb title=&#8221;Master Connect&#8221; url=&#8221;http:\/\/luminoproject.com\/wp-content\/uploads\/2023\/04\/20210308-compressed-professional-led-lighting-catalog.pdf&#8221; url_new_window=&#8221;on&#8221; image=&#8221;http:\/\/luminoproject.com\/wp-content\/uploads\/2023\/04\/january-2021_philips-lighting-catalog_luminoproject.jpg&#8221; content_max_width=&#8221;216px&#8221; _builder_version=&#8221;4.20.2&#8243; _module_preset=&#8221;default&#8221; header_text_align=&#8221;center&#8221; link_option_url=&#8221;http:\/\/luminoproject.com\/wp-content\/uploads\/2023\/04\/20210308-compressed-professional-led-lighting-catalog.pdf&#8221; link_option_url_new_window=&#8221;on&#8221; global_colors_info=&#8221;{}&#8221;]<\/p>\n<p style=\"text-align: center;\">Nova Gera\u00e7\u00e3o 2021<\/p>\n<p>[\/et_pb_blurb][\/et_pb_column][et_pb_column type=&#8221;1_4&#8243; _builder_version=&#8221;4.20.2&#8243; _module_preset=&#8221;default&#8221; global_colors_info=&#8221;{}&#8221;][\/et_pb_column][et_pb_column type=&#8221;1_4&#8243; _builder_version=&#8221;4.20.2&#8243; _module_preset=&#8221;default&#8221; global_colors_info=&#8221;{}&#8221;][\/et_pb_column][\/et_pb_row][et_pb_row _builder_version=&#8221;4.20.2&#8243; _module_preset=&#8221;default&#8221; global_colors_info=&#8221;{}&#8221;][et_pb_column type=&#8221;4_4&#8243; _builder_version=&#8221;4.20.2&#8243; _module_preset=&#8221;default&#8221; global_colors_info=&#8221;{}&#8221;][et_pb_divider color=&#8221;rgba(0,0,0,0.15)&#8221; _builder_version=&#8221;4.20.2&#8243; _module_preset=&#8221;default&#8221; global_colors_info=&#8221;{}&#8221;][\/et_pb_divider][\/et_pb_column][\/et_pb_row][et_pb_row column_structure=&#8221;2_5,3_5&#8243; _builder_version=&#8221;4.20.2&#8243; _module_preset=&#8221;default&#8221; global_colors_info=&#8221;{}&#8221;][et_pb_column type=&#8221;2_5&#8243; _builder_version=&#8221;4.20.2&#8243; _module_preset=&#8221;default&#8221; global_colors_info=&#8221;{}&#8221;][et_pb_image src=&#8221;http:\/\/luminoproject.com\/wp-content\/uploads\/2023\/03\/simon.png&#8221; title_text=&#8221;simon&#8221; _builder_version=&#8221;4.20.2&#8243; _module_preset=&#8221;default&#8221; global_colors_info=&#8221;{}&#8221;][\/et_pb_image][\/et_pb_column][et_pb_column type=&#8221;3_5&#8243; _builder_version=&#8221;4.20.2&#8243; _module_preset=&#8221;default&#8221; global_colors_info=&#8221;{}&#8221;][\/et_pb_column][\/et_pb_row][et_pb_row column_structure=&#8221;1_4,1_4,1_4,1_4&#8243; _builder_version=&#8221;4.20.2&#8243; _module_preset=&#8221;default&#8221; global_colors_info=&#8221;{}&#8221;][et_pb_column type=&#8221;1_4&#8243; _builder_version=&#8221;4.20.2&#8243; _module_preset=&#8221;default&#8221; global_colors_info=&#8221;{}&#8221;][et_pb_blurb title=&#8221;Simon 860&#8243; url=&#8221;https:\/\/static.simonelectric.com\/sites\/default\/files\/2023-02\/Folleto%20860%20PT_Web.pdf?_ga=2.148454324.243594336.1681768053-2146529962.1678005511&#8243; url_new_window=&#8221;on&#8221; image=&#8221;http:\/\/luminoproject.com\/wp-content\/uploads\/2023\/04\/simon-860.jpg&#8221; _builder_version=&#8221;4.20.2&#8243; _module_preset=&#8221;default&#8221; header_text_align=&#8221;center&#8221; global_colors_info=&#8221;{}&#8221;]<\/p>\n<p style=\"text-align: center;\">Sistema de ilumina\u00e7\u00e3o linear<\/p>\n<p>[\/et_pb_blurb][\/et_pb_column][et_pb_column type=&#8221;1_4&#8243; _builder_version=&#8221;4.20.2&#8243; _module_preset=&#8221;default&#8221; global_colors_info=&#8221;{}&#8221;][et_pb_blurb title=&#8221;Simon 800&#8243; url=&#8221;http:\/\/luminoproject.com\/wp-content\/uploads\/2023\/04\/20210308-compressed-professional-led-lighting-catalog.pdf&#8221; url_new_window=&#8221;on&#8221; image=&#8221;http:\/\/luminoproject.com\/wp-content\/uploads\/2023\/04\/simon-800.jpg&#8221; content_max_width=&#8221;1100px&#8221; _builder_version=&#8221;4.20.2&#8243; _module_preset=&#8221;default&#8221; header_text_align=&#8221;center&#8221; link_option_url=&#8221;http:\/\/luminoproject.com\/wp-content\/uploads\/2023\/04\/20210308-compressed-professional-led-lighting-catalog.pdf&#8221; link_option_url_new_window=&#8221;on&#8221; global_colors_info=&#8221;{}&#8221;]<\/p>\n<p style=\"text-align: center;\">Downlight<\/p>\n<p>[\/et_pb_blurb][\/et_pb_column][et_pb_column type=&#8221;1_4&#8243; _builder_version=&#8221;4.20.2&#8243; _module_preset=&#8221;default&#8221; global_colors_info=&#8221;{}&#8221;][\/et_pb_column][et_pb_column type=&#8221;1_4&#8243; _builder_version=&#8221;4.20.2&#8243; _module_preset=&#8221;default&#8221; global_colors_info=&#8221;{}&#8221;][\/et_pb_column][\/et_pb_row][\/et_pb_section][et_pb_section fb_built=&#8221;1&#8243; admin_label=&#8221;About&#8221; _builder_version=&#8221;4.17.4&#8243; _module_preset=&#8221;default&#8221; locked=&#8221;off&#8221; collapsed=&#8221;on&#8221; global_colors_info=&#8221;{}&#8221; custom_padding=&#8221;0px|||||&#8221;][et_pb_row _builder_version=&#8221;4.20.2&#8243; _module_preset=&#8221;default&#8221; global_colors_info=&#8221;{}&#8221;][et_pb_column type=&#8221;4_4&#8243; _builder_version=&#8221;4.20.2&#8243; _module_preset=&#8221;default&#8221; global_colors_info=&#8221;{}&#8221;][et_pb_text _builder_version=&#8221;4.20.2&#8243; _module_preset=&#8221;default&#8221; header_font_size=&#8221;25px&#8221; global_colors_info=&#8221;{}&#8221;]<\/p>\n<h1 style=\"text-align: left;\">Os nossos principais parceiros<\/h1>\n<p>[\/et_pb_text][dica_divi_carousel centermode=&#8221;on&#8221; loop=&#8221;on&#8221; autoplay=&#8221;on&#8221; scroller_effect=&#8221;on&#8221; item_spacing=&#8221;0&#8243; equal_height=&#8221;on&#8221; advanced_effect=&#8221;1&#8243; _builder_version=&#8221;4.20.2&#8243; _module_preset=&#8221;default&#8221; hover_enabled=&#8221;0&#8243; global_colors_info=&#8221;{}&#8221; sticky_enabled=&#8221;0&#8243;][dica_divi_carouselitem _builder_version=&#8221;4.20.2&#8243; _module_preset=&#8221;default&#8221; title_text=&#8221;v-tac_Logo&#8221; image=&#8221;http:\/\/luminoproject.com\/wp-content\/uploads\/2023\/05\/v-tac_Logo.png&#8221; hover_enabled=&#8221;0&#8243; sticky_enabled=&#8221;0&#8243;][\/dica_divi_carouselitem][dica_divi_carouselitem _builder_version=&#8221;4.20.2&#8243; _module_preset=&#8221;default&#8221; title_text=&#8221;Signify_logo&#8221; image=&#8221;http:\/\/luminoproject.com\/wp-content\/uploads\/2023\/05\/Signify_logo.png&#8221; hover_enabled=&#8221;0&#8243; sticky_enabled=&#8221;0&#8243;][\/dica_divi_carouselitem][dica_divi_carouselitem _builder_version=&#8221;4.20.2&#8243; _module_preset=&#8221;default&#8221; title_text=&#8221;Philips_logo&#8221; image=&#8221;http:\/\/luminoproject.com\/wp-content\/uploads\/2023\/05\/Philips_logo.png&#8221; hover_enabled=&#8221;0&#8243; sticky_enabled=&#8221;0&#8243;][\/dica_divi_carouselitem][dica_divi_carouselitem _builder_version=&#8221;4.20.2&#8243; _module_preset=&#8221;default&#8221; title_text=&#8221;Sylvania_logo&#8221; image=&#8221;http:\/\/luminoproject.com\/wp-content\/uploads\/2023\/05\/Sylvania_logo.png&#8221; hover_enabled=&#8221;0&#8243; sticky_enabled=&#8221;0&#8243;][\/dica_divi_carouselitem][dica_divi_carouselitem _builder_version=&#8221;4.20.2&#8243; _module_preset=&#8221;default&#8221; title_text=&#8221;Simon_logo&#8221; image=&#8221;http:\/\/luminoproject.com\/wp-content\/uploads\/2023\/05\/Simon_logo.png&#8221; hover_enabled=&#8221;0&#8243; sticky_enabled=&#8221;0&#8243;][\/dica_divi_carouselitem][\/dica_divi_carousel][\/et_pb_column][\/et_pb_row][et_pb_row column_structure=&#8221;1_2,1_2&#8243; _builder_version=&#8221;4.20.2&#8243; _module_preset=&#8221;default&#8221; use_background_color_gradient=&#8221;on&#8221; background_color_gradient_direction=&#8221;103deg&#8221; background_color_gradient_stops=&#8221;#0a0a0a 0%|#333333 26%|rgba(41,196,169,0) 100%&#8221; background_color_gradient_overlays_image=&#8221;on&#8221; background_image=&#8221;http:\/\/luminoproject.com\/wp-content\/uploads\/2023\/05\/lumino_news.jpg&#8221; width=&#8221;100%&#8221; min_height=&#8221;279px&#8221; global_colors_info=&#8221;{}&#8221;][et_pb_column type=&#8221;1_2&#8243; _builder_version=&#8221;4.20.2&#8243; _module_preset=&#8221;default&#8221; global_colors_info=&#8221;{}&#8221;][et_pb_text _builder_version=&#8221;4.20.2&#8243; _module_preset=&#8221;default&#8221; text_text_color=&#8221;#FFFFFF&#8221; header_font=&#8221;||||||||&#8221; header_text_color=&#8221;#FFFFFF&#8221; custom_margin=&#8221;29px||6px|25px|false|false&#8221; global_colors_info=&#8221;{}&#8221;]<\/p>\n<h1><strong>Newsletter<br \/><\/strong><\/h1>\n<p>[\/et_pb_text][et_pb_text _builder_version=&#8221;4.20.2&#8243; _module_preset=&#8221;default&#8221; text_text_color=&#8221;#FFFFFF&#8221; header_font=&#8221;||||||||&#8221; header_text_color=&#8221;#FFFFFF&#8221; custom_margin=&#8221;|||25px|false|false&#8221; global_colors_info=&#8221;{}&#8221;]<\/p>\n<p>Assine a newsletter da Luminoproject para obter as atualiza\u00e7\u00f5es mais recentes sobre produtos, cat\u00e1logos e tabelas de pre\u00e7os.<\/p>\n<p>Mantenha-se informado e inspirado com conte\u00fado exclusivo entregue diretamente no seu email.\u00a0<\/p>\n<p>[\/et_pb_text][\/et_pb_column][et_pb_column type=&#8221;1_2&#8243; _builder_version=&#8221;4.20.2&#8243; _module_preset=&#8221;default&#8221; global_colors_info=&#8221;{}&#8221;][et_pb_button button_url=&#8221;http:\/\/eepurl.com\/b3H0tj&#8221; url_new_window=&#8221;on&#8221; button_text=&#8221;Subscrever a newsletter&#8221; button_alignment=&#8221;center&#8221; _builder_version=&#8221;4.20.2&#8243; _module_preset=&#8221;default&#8221; background_layout=&#8221;dark&#8221; custom_margin=&#8221;18%||||false|false&#8221; custom_padding=&#8221;5px||||false|false&#8221; global_colors_info=&#8221;{}&#8221;][\/et_pb_button][\/et_pb_column][\/et_pb_row][\/et_pb_section][et_pb_section fb_built=&#8221;1&#8243; admin_label=&#8221;Footer&#8221; _builder_version=&#8221;4.20.2&#8243; _module_preset=&#8221;default&#8221; use_background_color_gradient=&#8221;on&#8221; background_color_gradient_stops=&#8221;#1e232b 0%|rgba(30,35,43,0.9) 100%&#8221; background_color_gradient_overlays_image=&#8221;on&#8221; background_image=&#8221;http:\/\/luminoproject.com\/wp-content\/uploads\/2022\/08\/luminoproject-lda-1385493359_xl.png&#8221; saved_tabs=&#8221;all&#8221; locked=&#8221;off&#8221; collapsed=&#8221;on&#8221; global_colors_info=&#8221;{}&#8221;][et_pb_row column_structure=&#8221;1_3,1_3,1_3&#8243; _builder_version=&#8221;4.20.0&#8243; _module_preset=&#8221;default&#8221; global_colors_info=&#8221;{}&#8221;][et_pb_column type=&#8221;1_3&#8243; _builder_version=&#8221;4.20.0&#8243; _module_preset=&#8221;default&#8221; global_colors_info=&#8221;{}&#8221;][et_pb_text _builder_version=&#8221;4.20.2&#8243; _module_preset=&#8221;66dd76b8-54a7-4c1c-a428-bd4ba3e5ea10&#8243; header_4_font=&#8221;|700||on|||||&#8221; header_4_font_size=&#8221;19px&#8221; text_orientation=&#8221;center&#8221; global_colors_info=&#8221;{%22gcid-11d3dbbb-f6dc-4fb8-929b-9d6994368d00%22:%91%22header_4_text_color%22,%22header_4_text_color%22%93}&#8221;]<\/p>\n<h4 style=\"text-align: left;\">Hor\u00e1rio<\/h4>\n<p>[\/et_pb_text][et_pb_text _builder_version=&#8221;4.20.2&#8243; _module_preset=&#8221;8a5de107-7774-482d-8939-f12758087b4a&#8221; text_text_color=&#8221;#FFFFFF&#8221; text_font_size=&#8221;14px&#8221; text_orientation=&#8221;center&#8221; custom_margin=&#8221;||10px||false|false&#8221; global_colors_info=&#8221;{}&#8221;]<\/p>\n<p style=\"text-align: left;\">Segunda a Sexta feira<br \/>09h00 &#8211; 13h00 \/ 14h30 &#8211; 18h30<br \/>S\u00e1bado e Domingo<br \/>Encerrados<\/p>\n<p>[\/et_pb_text][\/et_pb_column][et_pb_column type=&#8221;1_3&#8243; _builder_version=&#8221;4.20.0&#8243; _module_preset=&#8221;default&#8221; global_colors_info=&#8221;{}&#8221;][et_pb_image src=&#8221;http:\/\/luminoproject.com\/wp-content\/uploads\/2023\/03\/Luminoproject.png&#8221; title_text=&#8221;Luminoproject&#8221; align=&#8221;center&#8221; _builder_version=&#8221;4.20.2&#8243; _module_preset=&#8221;default&#8221; max_height=&#8221;80px&#8221; global_colors_info=&#8221;{}&#8221;][\/et_pb_image][et_pb_text _builder_version=&#8221;4.20.2&#8243; _module_preset=&#8221;66dd76b8-54a7-4c1c-a428-bd4ba3e5ea10&#8243; text_text_color=&#8221;#FFFFFF&#8221; header_3_text_color=&#8221;#7f7f7f&#8221; header_3_font_size=&#8221;17px&#8221; header_4_text_color=&#8221;#FFFFFF&#8221; text_orientation=&#8221;center&#8221; global_colors_info=&#8221;{}&#8221;]<\/p>\n<p>Solu\u00e7\u00f5es de Ilumina\u00e7\u00e3o<br \/><a href=\"http:\/\/luminoproject.com\/wp-content\/uploads\/2023\/04\/Politica-Privacidade.pdf\"><span style=\"color: #ffffff;\">Pol\u00edtica de Privacidade<\/span><\/a><\/p>\n<p>[\/et_pb_text][\/et_pb_column][et_pb_column type=&#8221;1_3&#8243; _builder_version=&#8221;4.20.0&#8243; _module_preset=&#8221;default&#8221; global_colors_info=&#8221;{}&#8221;][et_pb_text _builder_version=&#8221;4.20.2&#8243; _module_preset=&#8221;66dd76b8-54a7-4c1c-a428-bd4ba3e5ea10&#8243; header_4_font=&#8221;|700||on|||||&#8221; header_4_font_size=&#8221;19px&#8221; text_orientation=&#8221;center&#8221; locked=&#8221;off&#8221; global_colors_info=&#8221;{%22gcid-11d3dbbb-f6dc-4fb8-929b-9d6994368d00%22:%91%22header_4_text_color%22%93}&#8221;]<\/p>\n<h4 style=\"text-align: right;\">Morada e Contactos<\/h4>\n<p>[\/et_pb_text][et_pb_text _builder_version=&#8221;4.20.2&#8243; _module_preset=&#8221;8a5de107-7774-482d-8939-f12758087b4a&#8221; text_text_color=&#8221;#FFFFFF&#8221; text_font_size=&#8221;14px&#8221; link_text_color=&#8221;#FFFFFF&#8221; text_orientation=&#8221;center&#8221; locked=&#8221;off&#8221; global_colors_info=&#8221;{}&#8221;]<\/p>\n<p style=\"text-align: right;\">R. Jos\u00e9 Fontana 74, 2845-408 Amora<br \/><a href=\"callto:+351210079500\">(+351) <span aria-label=\"Ligar para o n\u00famero de telefone 21 007 9500\">21 007 9500<\/span><\/a><br \/>Chamada para rede fixa nacional<\/p>\n<p>[\/et_pb_text][\/et_pb_column][\/et_pb_row][et_pb_row _builder_version=&#8221;4.20.0&#8243; _module_preset=&#8221;default&#8221; custom_padding=&#8221;0px||0px||true|&#8221; global_colors_info=&#8221;{}&#8221;][et_pb_column type=&#8221;4_4&#8243; _builder_version=&#8221;4.20.0&#8243; _module_preset=&#8221;default&#8221; global_colors_info=&#8221;{}&#8221;][et_pb_divider color=&#8221;gcid-11d3dbbb-f6dc-4fb8-929b-9d6994368d00&#8243; _builder_version=&#8221;4.20.0&#8243; _module_preset=&#8221;default&#8221; custom_margin=&#8221;||0px||false|false&#8221; global_colors_info=&#8221;{%22gcid-11d3dbbb-f6dc-4fb8-929b-9d6994368d00%22:%91%22color%22%93}&#8221;][\/et_pb_divider][et_pb_text _builder_version=&#8221;4.20.2&#8243; _dynamic_attributes=&#8221;content&#8221; _module_preset=&#8221;0d71dc8c-1f99-44aa-ae50-0e23838eb7d9&#8243; text_text_color=&#8221;#FFFFFF&#8221; text_orientation=&#8221;center&#8221; locked=&#8221;off&#8221; global_colors_info=&#8221;{}&#8221;]@ET-DC@eyJkeW5hbWljIjp0cnVlLCJjb250ZW50IjoiY3VycmVudF9kYXRlIiwic2V0dGluZ3MiOnsiYmVmb3JlIjoiQ29weXJpZ2h0ICZjb3B5OyAiLCJhZnRlciI6IiBMdW1pbm9wcm9qZWN0LiBUb2RvcyBvcyBkaXJlaXRvcyByZXNlcnZhZG9zIiwiZGF0ZV9mb3JtYXQiOiJjdXN0b20iLCJjdXN0b21fZGF0ZV9mb3JtYXQiOiJZIn19@[\/et_pb_text][\/et_pb_column][\/et_pb_row][\/et_pb_section]<\/p>\n","protected":false},"excerpt":{"rendered":"<p>Desde 2006 a trabalhar para estar na vanguarda tecnol\u00f3gica das solu\u00e7\u00f5es de ilumina\u00e7\u00e3o.A l\u00e2mpada LED Smart WiFi V-TAC funciona com o Amazon Echo, Echo Dot, Amazon Tap e Google Home. Pode usar a Alexa para controlar por voz os seus eletrodom\u00e9sticos com comandos simples. Para usar esta fun\u00e7\u00e3o, s\u00f3 precisa vincular a sua conta V-TAC [&hellip;]<\/p>\n","protected":false},"author":3,"featured_media":0,"parent":0,"menu_order":0,"comment_status":"closed","ping_status":"closed","template":"","meta":{"_et_pb_use_builder":"on","_et_pb_old_content":"","_et_gb_content_width":"","footnotes":""},"class_list":["post-4014","page","type-page","status-publish","hentry"],"_links":{"self":[{"href":"http:\/\/luminoproject.com\/index.php\/wp-json\/wp\/v2\/pages\/4014","targetHints":{"allow":["GET"]}}],"collection":[{"href":"http:\/\/luminoproject.com\/index.php\/wp-json\/wp\/v2\/pages"}],"about":[{"href":"http:\/\/luminoproject.com\/index.php\/wp-json\/wp\/v2\/types\/page"}],"author":[{"embeddable":true,"href":"http:\/\/luminoproject.com\/index.php\/wp-json\/wp\/v2\/users\/3"}],"replies":[{"embeddable":true,"href":"http:\/\/luminoproject.com\/index.php\/wp-json\/wp\/v2\/comments?post=4014"}],"version-history":[{"count":18,"href":"http:\/\/luminoproject.com\/index.php\/wp-json\/wp\/v2\/pages\/4014\/revisions"}],"predecessor-version":[{"id":4162,"href":"http:\/\/luminoproject.com\/index.php\/wp-json\/wp\/v2\/pages\/4014\/revisions\/4162"}],"wp:attachment":[{"href":"http:\/\/luminoproject.com\/index.php\/wp-json\/wp\/v2\/media?parent=4014"}],"curies":[{"name":"wp","href":"https:\/\/api.w.org\/{rel}","templated":true}]}}